{"id":2,"date":"2024-02-07T17:41:32","date_gmt":"2024-02-07T17:41:32","guid":{"rendered":"https:\/\/atumsantacatarina.com\/?page_id=2"},"modified":"2025-09-22T10:28:04","modified_gmt":"2025-09-22T11:28:04","slug":"home","status":"publish","type":"page","link":"https:\/\/atumsantacatarina.com\/en\/","title":{"rendered":"Home"},"content":{"rendered":"<p>Heir to the old canning tradition on the island of S\u00e3o Jorge, Sociedade Conserveira A\u00e7oriana, known locally as the Santa Catarina canning factory, brings to your table the best tuna prepared according to the artisanal methods used by the old master canners.<\/p>","protected":false},"excerpt":{"rendered":"<p>Heir to the old canning tradition on the island of S\u00e3o Jorge, Sociedade Conserveira A\u00e7oriana, known locally as the Santa Catarina canning factory, brings to your table the best tuna prepared according to the artisanal methods used by the old master canners.<\/p>","protected":false},"author":1,"featured_media":0,"parent":0,"menu_order":0,"comment_status":"closed","ping_status":"open","template":"","meta":{"_acf_changed":false,"footnotes":""},"class_list":["post-2","page","type-page","status-publish","hentry"],"acf":[],"yoast_head":"<!-- This site is optimized with the Yoast SEO plugin v22.4 - https:\/\/yoast.com\/wordpress\/plugins\/seo\/ -->\n<title>Sociedade Conserveira A\u00e7oriana: - Atum Santa Catarina - A\u00e7ores<\/title>\n<meta name=\"description\" content=\"Sociedade Conserveira A\u00e7oriana: conhecida localmente como a f\u00e1brica das conservas Santa Catarina, leva at\u00e9 \u00e0 sua mesa o melhor atum.\" \/>\n<meta name=\"robots\" content=\"index, follow, max-snippet:-1, max-image-preview:large, max-video-preview:-1\" \/>\n<link rel=\"canonical\" href=\"https:\/\/atumsantacatarina.com\/en\/\" \/>\n<meta property=\"og:locale\" content=\"en_GB\" \/>\n<meta property=\"og:type\" content=\"article\" \/>\n<meta property=\"og:title\" content=\"Sociedade Conserveira A\u00e7oriana: - Atum Santa Catarina - A\u00e7ores\" \/>\n<meta property=\"og:description\" content=\"Sociedade Conserveira A\u00e7oriana: conhecida localmente como a f\u00e1brica das conservas Santa Catarina, leva at\u00e9 \u00e0 sua mesa o melhor atum.\" \/>\n<meta property=\"og:url\" content=\"https:\/\/atumsantacatarina.com\/en\/\" \/>\n<meta property=\"og:site_name\" content=\"Atum Santa Catarina\" \/>\n<meta property=\"article:modified_time\" content=\"2025-09-22T11:28:04+00:00\" \/>\n<meta name=\"twitter:card\" content=\"summary_large_image\" \/>\n<meta name=\"twitter:label1\" content=\"Estimated reading time\" \/>\n\t<meta name=\"twitter:data1\" content=\"1 minute\" \/>\n<script type=\"application\/ld+json\" class=\"yoast-schema-graph\">{\"@context\":\"https:\/\/schema.org\",\"@graph\":[{\"@type\":\"WebPage\",\"@id\":\"https:\/\/atumsantacatarina.com\/\",\"url\":\"https:\/\/atumsantacatarina.com\/\",\"name\":\"Sociedade Conserveira A\u00e7oriana: - Atum Santa Catarina - A\u00e7ores\",\"isPartOf\":{\"@id\":\"https:\/\/atumsantacatarina.com\/#website\"},\"datePublished\":\"2024-02-07T17:41:32+00:00\",\"dateModified\":\"2025-09-22T11:28:04+00:00\",\"description\":\"Sociedade Conserveira A\u00e7oriana: conhecida localmente como a f\u00e1brica das conservas Santa Catarina, leva at\u00e9 \u00e0 sua mesa o melhor atum.\",\"breadcrumb\":{\"@id\":\"https:\/\/atumsantacatarina.com\/#breadcrumb\"},\"inLanguage\":\"en-GB\",\"potentialAction\":[{\"@type\":\"ReadAction\",\"target\":[\"https:\/\/atumsantacatarina.com\/\"]}]},{\"@type\":\"BreadcrumbList\",\"@id\":\"https:\/\/atumsantacatarina.com\/#breadcrumb\",\"itemListElement\":[{\"@type\":\"ListItem\",\"position\":1,\"name\":\"In\u00edcio\",\"item\":\"https:\/\/atumsantacatarina.com\/\"},{\"@type\":\"ListItem\",\"position\":2,\"name\":\"Home\"}]},{\"@type\":\"WebSite\",\"@id\":\"https:\/\/atumsantacatarina.com\/#website\",\"url\":\"https:\/\/atumsantacatarina.com\/\",\"name\":\"Atum Santa Catarina\",\"description\":\"\",\"potentialAction\":[{\"@type\":\"SearchAction\",\"target\":{\"@type\":\"EntryPoint\",\"urlTemplate\":\"https:\/\/atumsantacatarina.com\/?s={search_term_string}\"},\"query-input\":\"required name=search_term_string\"}],\"inLanguage\":\"en-GB\"}]}<\/script>\n<!-- \/ Yoast SEO plugin. -->","yoast_head_json":{"title":"Sociedade Conserveira A\u00e7oriana: - Atum Santa Catarina - A\u00e7ores","description":"Sociedade Conserveira A\u00e7oriana: conhecida localmente como a f\u00e1brica das conservas Santa Catarina, leva at\u00e9 \u00e0 sua mesa o melhor atum.","robots":{"index":"index","follow":"follow","max-snippet":"max-snippet:-1","max-image-preview":"max-image-preview:large","max-video-preview":"max-video-preview:-1"},"canonical":"https:\/\/atumsantacatarina.com\/en\/","og_locale":"en_GB","og_type":"article","og_title":"Sociedade Conserveira A\u00e7oriana: - Atum Santa Catarina - A\u00e7ores","og_description":"Sociedade Conserveira A\u00e7oriana: conhecida localmente como a f\u00e1brica das conservas Santa Catarina, leva at\u00e9 \u00e0 sua mesa o melhor atum.","og_url":"https:\/\/atumsantacatarina.com\/en\/","og_site_name":"Atum Santa Catarina","article_modified_time":"2025-09-22T11:28:04+00:00","twitter_card":"summary_large_image","twitter_misc":{"Estimated reading time":"1 minute"},"schema":{"@context":"https:\/\/schema.org","@graph":[{"@type":"WebPage","@id":"https:\/\/atumsantacatarina.com\/","url":"https:\/\/atumsantacatarina.com\/","name":"Sociedade Conserveira A\u00e7oriana: - Atum Santa Catarina - A\u00e7ores","isPartOf":{"@id":"https:\/\/atumsantacatarina.com\/#website"},"datePublished":"2024-02-07T17:41:32+00:00","dateModified":"2025-09-22T11:28:04+00:00","description":"Sociedade Conserveira A\u00e7oriana: conhecida localmente como a f\u00e1brica das conservas Santa Catarina, leva at\u00e9 \u00e0 sua mesa o melhor atum.","breadcrumb":{"@id":"https:\/\/atumsantacatarina.com\/#breadcrumb"},"inLanguage":"en-GB","potentialAction":[{"@type":"ReadAction","target":["https:\/\/atumsantacatarina.com\/"]}]},{"@type":"BreadcrumbList","@id":"https:\/\/atumsantacatarina.com\/#breadcrumb","itemListElement":[{"@type":"ListItem","position":1,"name":"In\u00edcio","item":"https:\/\/atumsantacatarina.com\/"},{"@type":"ListItem","position":2,"name":"Home"}]},{"@type":"WebSite","@id":"https:\/\/atumsantacatarina.com\/#website","url":"https:\/\/atumsantacatarina.com\/","name":"Atum Santa Catarina","description":"","potentialAction":[{"@type":"SearchAction","target":{"@type":"EntryPoint","urlTemplate":"https:\/\/atumsantacatarina.com\/?s={search_term_string}"},"query-input":"required name=search_term_string"}],"inLanguage":"en-GB"}]}},"_links":{"self":[{"href":"https:\/\/atumsantacatarina.com\/en\/wp-json\/wp\/v2\/pages\/2","targetHints":{"allow":["GET"]}}],"collection":[{"href":"https:\/\/atumsantacatarina.com\/en\/wp-json\/wp\/v2\/pages"}],"about":[{"href":"https:\/\/atumsantacatarina.com\/en\/wp-json\/wp\/v2\/types\/page"}],"author":[{"embeddable":true,"href":"https:\/\/atumsantacatarina.com\/en\/wp-json\/wp\/v2\/users\/1"}],"replies":[{"embeddable":true,"href":"https:\/\/atumsantacatarina.com\/en\/wp-json\/wp\/v2\/comments?post=2"}],"version-history":[{"count":33,"href":"https:\/\/atumsantacatarina.com\/en\/wp-json\/wp\/v2\/pages\/2\/revisions"}],"predecessor-version":[{"id":1283,"href":"https:\/\/atumsantacatarina.com\/en\/wp-json\/wp\/v2\/pages\/2\/revisions\/1283"}],"wp:attachment":[{"href":"https:\/\/atumsantacatarina.com\/en\/wp-json\/wp\/v2\/media?parent=2"}],"curies":[{"name":"wp","href":"https:\/\/api.w.org\/{rel}","templated":true}]}}