{"id":21,"date":"2024-02-09T17:37:09","date_gmt":"2024-02-09T17:37:09","guid":{"rendered":"https:\/\/atumsantacatarina.com\/?page_id=21"},"modified":"2025-09-22T10:46:15","modified_gmt":"2025-09-22T11:46:15","slug":"sustentabilidade-responsabilidade-social-e-qualidade","status":"publish","type":"page","link":"https:\/\/atumsantacatarina.com\/en\/sustentabilidade-responsabilidade-social-e-qualidade\/","title":{"rendered":"Sustainability, Social Responsibility and Quality"},"content":{"rendered":"<p>Heir to the old canning tradition on the island of S\u00e3o Jorge, Sociedade Conserveira A\u00e7oriana, known locally as the Santa Catarina canning factory, brings to your table the best tuna prepared according to the artisanal methods used by the old master canners.<\/p>","protected":false},"excerpt":{"rendered":"<p>Heir to the old canning tradition on the island of S\u00e3o Jorge, Sociedade Conserveira A\u00e7oriana, known locally as the Santa Catarina canning factory, brings to your table the best tuna prepared according to the artisanal methods used by the old master canners.<\/p>","protected":false},"author":1,"featured_media":337,"parent":0,"menu_order":0,"comment_status":"closed","ping_status":"closed","template":"template-qualidade-responsabilidade-sustentabilidade.php","meta":{"_acf_changed":false,"footnotes":""},"class_list":["post-21","page","type-page","status-publish","has-post-thumbnail","hentry"],"acf":[],"yoast_head":"<!-- This site is optimized with the Yoast SEO plugin v22.4 - https:\/\/yoast.com\/wordpress\/plugins\/seo\/ -->\n<title>Sustentabilidade, Responsabilidade Social e Qualidade - Atum Santa Catarina<\/title>\n<meta name=\"description\" content=\"Sustentabilidade: A prepara\u00e7\u00e3o do atum inteiro \u00e9 manual, assim como o descasque e prepara\u00e7\u00e3o de todos os ingredientes da Pasta de Atum.\" \/>\n<meta name=\"robots\" content=\"index, follow, max-snippet:-1, max-image-preview:large, max-video-preview:-1\" \/>\n<link rel=\"canonical\" href=\"https:\/\/atumsantacatarina.com\/en\/sustentabilidade-responsabilidade-social-e-qualidade\/\" \/>\n<meta property=\"og:locale\" content=\"en_GB\" \/>\n<meta property=\"og:type\" content=\"article\" \/>\n<meta property=\"og:title\" content=\"Sustentabilidade, Responsabilidade Social e Qualidade - Atum Santa Catarina\" \/>\n<meta property=\"og:description\" content=\"Sustentabilidade: A prepara\u00e7\u00e3o do atum inteiro \u00e9 manual, assim como o descasque e prepara\u00e7\u00e3o de todos os ingredientes da Pasta de Atum.\" \/>\n<meta property=\"og:url\" content=\"https:\/\/atumsantacatarina.com\/en\/sustentabilidade-responsabilidade-social-e-qualidade\/\" \/>\n<meta property=\"og:site_name\" content=\"Atum Santa Catarina\" \/>\n<meta property=\"article:modified_time\" content=\"2025-09-22T11:46:15+00:00\" \/>\n<meta property=\"og:image\" content=\"https:\/\/atumsantacatarina.com\/wp-content\/uploads\/2024\/03\/qualidade.webp\" \/>\n\t<meta property=\"og:image:width\" content=\"772\" \/>\n\t<meta property=\"og:image:height\" content=\"620\" \/>\n\t<meta property=\"og:image:type\" content=\"image\/webp\" \/>\n<meta name=\"twitter:card\" content=\"summary_large_image\" \/>\n<meta name=\"twitter:label1\" content=\"Estimated reading time\" \/>\n\t<meta name=\"twitter:data1\" content=\"1 minute\" \/>\n<script type=\"application\/ld+json\" class=\"yoast-schema-graph\">{\"@context\":\"https:\/\/schema.org\",\"@graph\":[{\"@type\":\"WebPage\",\"@id\":\"https:\/\/atumsantacatarina.com\/sustentabilidade-responsabilidade-social-e-qualidade\/\",\"url\":\"https:\/\/atumsantacatarina.com\/sustentabilidade-responsabilidade-social-e-qualidade\/\",\"name\":\"Sustentabilidade, Responsabilidade Social e Qualidade - Atum Santa Catarina\",\"isPartOf\":{\"@id\":\"https:\/\/atumsantacatarina.com\/#website\"},\"primaryImageOfPage\":{\"@id\":\"https:\/\/atumsantacatarina.com\/sustentabilidade-responsabilidade-social-e-qualidade\/#primaryimage\"},\"image\":{\"@id\":\"https:\/\/atumsantacatarina.com\/sustentabilidade-responsabilidade-social-e-qualidade\/#primaryimage\"},\"thumbnailUrl\":\"https:\/\/atumsantacatarina.com\/wp-content\/uploads\/2024\/03\/qualidade.webp\",\"datePublished\":\"2024-02-09T17:37:09+00:00\",\"dateModified\":\"2025-09-22T11:46:15+00:00\",\"description\":\"Sustentabilidade: A prepara\u00e7\u00e3o do atum inteiro \u00e9 manual, assim como o descasque e prepara\u00e7\u00e3o de todos os ingredientes da Pasta de Atum.\",\"breadcrumb\":{\"@id\":\"https:\/\/atumsantacatarina.com\/sustentabilidade-responsabilidade-social-e-qualidade\/#breadcrumb\"},\"inLanguage\":\"en-GB\",\"potentialAction\":[{\"@type\":\"ReadAction\",\"target\":[\"https:\/\/atumsantacatarina.com\/sustentabilidade-responsabilidade-social-e-qualidade\/\"]}]},{\"@type\":\"ImageObject\",\"inLanguage\":\"en-GB\",\"@id\":\"https:\/\/atumsantacatarina.com\/sustentabilidade-responsabilidade-social-e-qualidade\/#primaryimage\",\"url\":\"https:\/\/atumsantacatarina.com\/wp-content\/uploads\/2024\/03\/qualidade.webp\",\"contentUrl\":\"https:\/\/atumsantacatarina.com\/wp-content\/uploads\/2024\/03\/qualidade.webp\",\"width\":772,\"height\":620},{\"@type\":\"BreadcrumbList\",\"@id\":\"https:\/\/atumsantacatarina.com\/sustentabilidade-responsabilidade-social-e-qualidade\/#breadcrumb\",\"itemListElement\":[{\"@type\":\"ListItem\",\"position\":1,\"name\":\"In\u00edcio\",\"item\":\"https:\/\/atumsantacatarina.com\/\"},{\"@type\":\"ListItem\",\"position\":2,\"name\":\"Sustentabilidade, Responsabilidade Social e Qualidade\"}]},{\"@type\":\"WebSite\",\"@id\":\"https:\/\/atumsantacatarina.com\/#website\",\"url\":\"https:\/\/atumsantacatarina.com\/\",\"name\":\"Atum Santa Catarina\",\"description\":\"\",\"potentialAction\":[{\"@type\":\"SearchAction\",\"target\":{\"@type\":\"EntryPoint\",\"urlTemplate\":\"https:\/\/atumsantacatarina.com\/?s={search_term_string}\"},\"query-input\":\"required name=search_term_string\"}],\"inLanguage\":\"en-GB\"}]}<\/script>\n<!-- \/ Yoast SEO plugin. -->","yoast_head_json":{"title":"Sustentabilidade, Responsabilidade Social e Qualidade - Atum Santa Catarina","description":"Sustentabilidade: A prepara\u00e7\u00e3o do atum inteiro \u00e9 manual, assim como o descasque e prepara\u00e7\u00e3o de todos os ingredientes da Pasta de Atum.","robots":{"index":"index","follow":"follow","max-snippet":"max-snippet:-1","max-image-preview":"max-image-preview:large","max-video-preview":"max-video-preview:-1"},"canonical":"https:\/\/atumsantacatarina.com\/en\/sustentabilidade-responsabilidade-social-e-qualidade\/","og_locale":"en_GB","og_type":"article","og_title":"Sustentabilidade, Responsabilidade Social e Qualidade - Atum Santa Catarina","og_description":"Sustentabilidade: A prepara\u00e7\u00e3o do atum inteiro \u00e9 manual, assim como o descasque e prepara\u00e7\u00e3o de todos os ingredientes da Pasta de Atum.","og_url":"https:\/\/atumsantacatarina.com\/en\/sustentabilidade-responsabilidade-social-e-qualidade\/","og_site_name":"Atum Santa Catarina","article_modified_time":"2025-09-22T11:46:15+00:00","og_image":[{"width":772,"height":620,"url":"https:\/\/atumsantacatarina.com\/wp-content\/uploads\/2024\/03\/qualidade.webp","type":"image\/webp"}],"twitter_card":"summary_large_image","twitter_misc":{"Estimated reading time":"1 minute"},"schema":{"@context":"https:\/\/schema.org","@graph":[{"@type":"WebPage","@id":"https:\/\/atumsantacatarina.com\/sustentabilidade-responsabilidade-social-e-qualidade\/","url":"https:\/\/atumsantacatarina.com\/sustentabilidade-responsabilidade-social-e-qualidade\/","name":"Sustentabilidade, Responsabilidade Social e Qualidade - Atum Santa Catarina","isPartOf":{"@id":"https:\/\/atumsantacatarina.com\/#website"},"primaryImageOfPage":{"@id":"https:\/\/atumsantacatarina.com\/sustentabilidade-responsabilidade-social-e-qualidade\/#primaryimage"},"image":{"@id":"https:\/\/atumsantacatarina.com\/sustentabilidade-responsabilidade-social-e-qualidade\/#primaryimage"},"thumbnailUrl":"https:\/\/atumsantacatarina.com\/wp-content\/uploads\/2024\/03\/qualidade.webp","datePublished":"2024-02-09T17:37:09+00:00","dateModified":"2025-09-22T11:46:15+00:00","description":"Sustentabilidade: A prepara\u00e7\u00e3o do atum inteiro \u00e9 manual, assim como o descasque e prepara\u00e7\u00e3o de todos os ingredientes da Pasta de Atum.","breadcrumb":{"@id":"https:\/\/atumsantacatarina.com\/sustentabilidade-responsabilidade-social-e-qualidade\/#breadcrumb"},"inLanguage":"en-GB","potentialAction":[{"@type":"ReadAction","target":["https:\/\/atumsantacatarina.com\/sustentabilidade-responsabilidade-social-e-qualidade\/"]}]},{"@type":"ImageObject","inLanguage":"en-GB","@id":"https:\/\/atumsantacatarina.com\/sustentabilidade-responsabilidade-social-e-qualidade\/#primaryimage","url":"https:\/\/atumsantacatarina.com\/wp-content\/uploads\/2024\/03\/qualidade.webp","contentUrl":"https:\/\/atumsantacatarina.com\/wp-content\/uploads\/2024\/03\/qualidade.webp","width":772,"height":620},{"@type":"BreadcrumbList","@id":"https:\/\/atumsantacatarina.com\/sustentabilidade-responsabilidade-social-e-qualidade\/#breadcrumb","itemListElement":[{"@type":"ListItem","position":1,"name":"In\u00edcio","item":"https:\/\/atumsantacatarina.com\/"},{"@type":"ListItem","position":2,"name":"Sustentabilidade, Responsabilidade Social e Qualidade"}]},{"@type":"WebSite","@id":"https:\/\/atumsantacatarina.com\/#website","url":"https:\/\/atumsantacatarina.com\/","name":"Atum Santa Catarina","description":"","potentialAction":[{"@type":"SearchAction","target":{"@type":"EntryPoint","urlTemplate":"https:\/\/atumsantacatarina.com\/?s={search_term_string}"},"query-input":"required name=search_term_string"}],"inLanguage":"en-GB"}]}},"_links":{"self":[{"href":"https:\/\/atumsantacatarina.com\/en\/wp-json\/wp\/v2\/pages\/21","targetHints":{"allow":["GET"]}}],"collection":[{"href":"https:\/\/atumsantacatarina.com\/en\/wp-json\/wp\/v2\/pages"}],"about":[{"href":"https:\/\/atumsantacatarina.com\/en\/wp-json\/wp\/v2\/types\/page"}],"author":[{"embeddable":true,"href":"https:\/\/atumsantacatarina.com\/en\/wp-json\/wp\/v2\/users\/1"}],"replies":[{"embeddable":true,"href":"https:\/\/atumsantacatarina.com\/en\/wp-json\/wp\/v2\/comments?post=21"}],"version-history":[{"count":22,"href":"https:\/\/atumsantacatarina.com\/en\/wp-json\/wp\/v2\/pages\/21\/revisions"}],"predecessor-version":[{"id":1119,"href":"https:\/\/atumsantacatarina.com\/en\/wp-json\/wp\/v2\/pages\/21\/revisions\/1119"}],"wp:featuredmedia":[{"embeddable":true,"href":"https:\/\/atumsantacatarina.com\/en\/wp-json\/wp\/v2\/media\/337"}],"wp:attachment":[{"href":"https:\/\/atumsantacatarina.com\/en\/wp-json\/wp\/v2\/media?parent=21"}],"curies":[{"name":"wp","href":"https:\/\/api.w.org\/{rel}","templated":true}]}}