{"id":444,"date":"2024-03-25T08:26:58","date_gmt":"2024-03-25T09:26:58","guid":{"rendered":"https:\/\/atumsantacatarina.com\/?page_id=444"},"modified":"2025-09-22T10:43:55","modified_gmt":"2025-09-22T11:43:55","slug":"santa-catarina","status":"publish","type":"page","link":"https:\/\/atumsantacatarina.com\/en\/produtos\/santa-catarina\/","title":{"rendered":"Santa Catarina"},"content":{"rendered":"","protected":false},"excerpt":{"rendered":"","protected":false},"author":1,"featured_media":0,"parent":35,"menu_order":0,"comment_status":"closed","ping_status":"closed","template":"template-produtos-cat-page.php","meta":{"_acf_changed":false,"footnotes":""},"class_list":["post-444","page","type-page","status-publish","hentry"],"acf":[],"yoast_head":"<!-- This site is optimized with the Yoast SEO plugin v22.4 - https:\/\/yoast.com\/wordpress\/plugins\/seo\/ -->\n<title>Santa Catarina - Atum Santa Catarina<\/title>\n<meta name=\"description\" content=\"Santa Catarina: escolha de quem procura a perfei\u00e7\u00e3o em cada lata. Trajet\u00f3ria de compromisso com a qualidade, a sustentabilidade e a tradi\u00e7\u00e3o.\" \/>\n<meta name=\"robots\" content=\"index, follow, max-snippet:-1, max-image-preview:large, max-video-preview:-1\" \/>\n<link rel=\"canonical\" href=\"https:\/\/atumsantacatarina.com\/en\/produtos\/santa-catarina\/\" \/>\n<meta property=\"og:locale\" content=\"en_GB\" \/>\n<meta property=\"og:type\" content=\"article\" \/>\n<meta property=\"og:title\" content=\"Santa Catarina - Atum Santa Catarina\" \/>\n<meta property=\"og:description\" content=\"Santa Catarina: escolha de quem procura a perfei\u00e7\u00e3o em cada lata. Trajet\u00f3ria de compromisso com a qualidade, a sustentabilidade e a tradi\u00e7\u00e3o.\" \/>\n<meta property=\"og:url\" content=\"https:\/\/atumsantacatarina.com\/en\/produtos\/santa-catarina\/\" \/>\n<meta property=\"og:site_name\" content=\"Atum Santa Catarina\" \/>\n<meta property=\"article:modified_time\" content=\"2025-09-22T11:43:55+00:00\" \/>\n<meta name=\"twitter:card\" content=\"summary_large_image\" \/>\n<script type=\"application\/ld+json\" class=\"yoast-schema-graph\">{\"@context\":\"https:\/\/schema.org\",\"@graph\":[{\"@type\":\"WebPage\",\"@id\":\"https:\/\/atumsantacatarina.com\/produtos\/santa-catarina\/\",\"url\":\"https:\/\/atumsantacatarina.com\/produtos\/santa-catarina\/\",\"name\":\"Santa Catarina - Atum Santa Catarina\",\"isPartOf\":{\"@id\":\"https:\/\/atumsantacatarina.com\/#website\"},\"datePublished\":\"2024-03-25T09:26:58+00:00\",\"dateModified\":\"2025-09-22T11:43:55+00:00\",\"description\":\"Santa Catarina: escolha de quem procura a perfei\u00e7\u00e3o em cada lata. Trajet\u00f3ria de compromisso com a qualidade, a sustentabilidade e a tradi\u00e7\u00e3o.\",\"breadcrumb\":{\"@id\":\"https:\/\/atumsantacatarina.com\/produtos\/santa-catarina\/#breadcrumb\"},\"inLanguage\":\"en-GB\",\"potentialAction\":[{\"@type\":\"ReadAction\",\"target\":[\"https:\/\/atumsantacatarina.com\/produtos\/santa-catarina\/\"]}]},{\"@type\":\"BreadcrumbList\",\"@id\":\"https:\/\/atumsantacatarina.com\/produtos\/santa-catarina\/#breadcrumb\",\"itemListElement\":[{\"@type\":\"ListItem\",\"position\":1,\"name\":\"In\u00edcio\",\"item\":\"https:\/\/atumsantacatarina.com\/\"},{\"@type\":\"ListItem\",\"position\":2,\"name\":\"Produtos\",\"item\":\"https:\/\/atumsantacatarina.com\/produtos\/\"},{\"@type\":\"ListItem\",\"position\":3,\"name\":\"Santa Catarina\"}]},{\"@type\":\"WebSite\",\"@id\":\"https:\/\/atumsantacatarina.com\/#website\",\"url\":\"https:\/\/atumsantacatarina.com\/\",\"name\":\"Atum Santa Catarina\",\"description\":\"\",\"potentialAction\":[{\"@type\":\"SearchAction\",\"target\":{\"@type\":\"EntryPoint\",\"urlTemplate\":\"https:\/\/atumsantacatarina.com\/?s={search_term_string}\"},\"query-input\":\"required name=search_term_string\"}],\"inLanguage\":\"en-GB\"}]}<\/script>\n<!-- \/ Yoast SEO plugin. -->","yoast_head_json":{"title":"Santa Catarina - Atum Santa Catarina","description":"Santa Catarina: escolha de quem procura a perfei\u00e7\u00e3o em cada lata. Trajet\u00f3ria de compromisso com a qualidade, a sustentabilidade e a tradi\u00e7\u00e3o.","robots":{"index":"index","follow":"follow","max-snippet":"max-snippet:-1","max-image-preview":"max-image-preview:large","max-video-preview":"max-video-preview:-1"},"canonical":"https:\/\/atumsantacatarina.com\/en\/produtos\/santa-catarina\/","og_locale":"en_GB","og_type":"article","og_title":"Santa Catarina - Atum Santa Catarina","og_description":"Santa Catarina: escolha de quem procura a perfei\u00e7\u00e3o em cada lata. Trajet\u00f3ria de compromisso com a qualidade, a sustentabilidade e a tradi\u00e7\u00e3o.","og_url":"https:\/\/atumsantacatarina.com\/en\/produtos\/santa-catarina\/","og_site_name":"Atum Santa Catarina","article_modified_time":"2025-09-22T11:43:55+00:00","twitter_card":"summary_large_image","schema":{"@context":"https:\/\/schema.org","@graph":[{"@type":"WebPage","@id":"https:\/\/atumsantacatarina.com\/produtos\/santa-catarina\/","url":"https:\/\/atumsantacatarina.com\/produtos\/santa-catarina\/","name":"Santa Catarina - Atum Santa Catarina","isPartOf":{"@id":"https:\/\/atumsantacatarina.com\/#website"},"datePublished":"2024-03-25T09:26:58+00:00","dateModified":"2025-09-22T11:43:55+00:00","description":"Santa Catarina: escolha de quem procura a perfei\u00e7\u00e3o em cada lata. Trajet\u00f3ria de compromisso com a qualidade, a sustentabilidade e a tradi\u00e7\u00e3o.","breadcrumb":{"@id":"https:\/\/atumsantacatarina.com\/produtos\/santa-catarina\/#breadcrumb"},"inLanguage":"en-GB","potentialAction":[{"@type":"ReadAction","target":["https:\/\/atumsantacatarina.com\/produtos\/santa-catarina\/"]}]},{"@type":"BreadcrumbList","@id":"https:\/\/atumsantacatarina.com\/produtos\/santa-catarina\/#breadcrumb","itemListElement":[{"@type":"ListItem","position":1,"name":"In\u00edcio","item":"https:\/\/atumsantacatarina.com\/"},{"@type":"ListItem","position":2,"name":"Produtos","item":"https:\/\/atumsantacatarina.com\/produtos\/"},{"@type":"ListItem","position":3,"name":"Santa Catarina"}]},{"@type":"WebSite","@id":"https:\/\/atumsantacatarina.com\/#website","url":"https:\/\/atumsantacatarina.com\/","name":"Atum Santa Catarina","description":"","potentialAction":[{"@type":"SearchAction","target":{"@type":"EntryPoint","urlTemplate":"https:\/\/atumsantacatarina.com\/?s={search_term_string}"},"query-input":"required name=search_term_string"}],"inLanguage":"en-GB"}]}},"_links":{"self":[{"href":"https:\/\/atumsantacatarina.com\/en\/wp-json\/wp\/v2\/pages\/444","targetHints":{"allow":["GET"]}}],"collection":[{"href":"https:\/\/atumsantacatarina.com\/en\/wp-json\/wp\/v2\/pages"}],"about":[{"href":"https:\/\/atumsantacatarina.com\/en\/wp-json\/wp\/v2\/types\/page"}],"author":[{"embeddable":true,"href":"https:\/\/atumsantacatarina.com\/en\/wp-json\/wp\/v2\/users\/1"}],"replies":[{"embeddable":true,"href":"https:\/\/atumsantacatarina.com\/en\/wp-json\/wp\/v2\/comments?post=444"}],"version-history":[{"count":77,"href":"https:\/\/atumsantacatarina.com\/en\/wp-json\/wp\/v2\/pages\/444\/revisions"}],"predecessor-version":[{"id":1303,"href":"https:\/\/atumsantacatarina.com\/en\/wp-json\/wp\/v2\/pages\/444\/revisions\/1303"}],"up":[{"embeddable":true,"href":"https:\/\/atumsantacatarina.com\/en\/wp-json\/wp\/v2\/pages\/35"}],"wp:attachment":[{"href":"https:\/\/atumsantacatarina.com\/en\/wp-json\/wp\/v2\/media?parent=444"}],"curies":[{"name":"wp","href":"https:\/\/api.w.org\/{rel}","templated":true}]}}